{"id":244,"date":"2020-07-03T12:18:03","date_gmt":"2020-07-03T12:18:03","guid":{"rendered":"https:\/\/the-kamendrovsky-archives.site\/?page_id=244"},"modified":"2026-02-21T12:15:21","modified_gmt":"2026-02-21T12:15:21","slug":"chapter-11","status":"publish","type":"page","link":"https:\/\/the-kamendrovsky-archives.site\/nl\/chapter-11\/","title":{"rendered":"Hoofdstuk 11"},"content":{"rendered":"<div id=\"ez-toc-container\" class=\"ez-toc-v2_0_82_2 counter-hierarchy ez-toc-counter ez-toc-grey ez-toc-container-direction\">\n<p class=\"ez-toc-title\" style=\"cursor:inherit\">Inhoudsopgave<\/p>\n<label for=\"ez-toc-cssicon-toggle-item-69e266f98bd4b\" class=\"ez-toc-cssicon-toggle-label\"><span class=\"\"><span class=\"eztoc-hide\" style=\"display:none;\">Schakel<\/span><span class=\"ez-toc-icon-toggle-span\"><svg style=\"fill: #999;color:#999\" xmlns=\"http:\/\/www.w3.org\/2000\/svg\" class=\"list-377408\" width=\"20px\" height=\"20px\" viewbox=\"0 0 24 24\" fill=\"none\"><path d=\"M6 6H4v2h2V6zm14 0H8v2h12V6zM4 11h2v2H4v-2zm16 0H8v2h12v-2zM4 16h2v2H4v-2zm16 0H8v2h12v-2z\" fill=\"currentColor\"><\/path><\/svg><svg style=\"fill: #999;color:#999\" class=\"arrow-unsorted-368013\" xmlns=\"http:\/\/www.w3.org\/2000\/svg\" width=\"10px\" height=\"10px\" viewbox=\"0 0 24 24\" version=\"1.2\" baseprofile=\"tiny\"><path d=\"M18.2 9.3l-6.2-6.3-6.2 6.3c-.2.2-.3.4-.3.7s.1.5.3.7c.2.2.4.3.7.3h11c.3 0 .5-.1.7-.3.2-.2.3-.5.3-.7s-.1-.5-.3-.7zM5.8 14.7l6.2 6.3 6.2-6.3c.2-.2.3-.5.3-.7s-.1-.5-.3-.7c-.2-.2-.4-.3-.7-.3h-11c-.3 0-.5.1-.7.3-.2.2-.3.5-.3.7s.1.5.3.7z\"\/><\/svg><\/span><\/span><\/label><input type=\"checkbox\"  id=\"ez-toc-cssicon-toggle-item-69e266f98bd4b\"  aria-label=\"Schakel\" \/><nav><ul class='ez-toc-list ez-toc-list-level-1' ><li class='ez-toc-page-1 ez-toc-heading-level-4'><a class=\"ez-toc-link ez-toc-heading-1\" href=\"https:\/\/the-kamendrovsky-archives.site\/nl\/chapter-11\/#Routes_out_of_Kislovodsk\" >Kaart met vluchtroutes uit Kislovodsk<\/a><\/li><li class='ez-toc-page-1 ez-toc-heading-level-4'><a class=\"ez-toc-link ez-toc-heading-2\" href=\"https:\/\/the-kamendrovsky-archives.site\/nl\/chapter-11\/#Maykop\" >Maykop<\/a><\/li><li class='ez-toc-page-1 ez-toc-heading-level-4'><a class=\"ez-toc-link ez-toc-heading-3\" href=\"https:\/\/the-kamendrovsky-archives.site\/nl\/chapter-11\/#Babuk-Aul_%E2%80%93_The_Village_with_the_Turkish_Bath\" >Babuk-Aoel \u2013 Het dorp met het Turkse bad<\/a><\/li><li class='ez-toc-page-1 ez-toc-heading-level-4'><a class=\"ez-toc-link ez-toc-heading-4\" href=\"https:\/\/the-kamendrovsky-archives.site\/nl\/chapter-11\/#Sochi\" >Sotsji<\/a><\/li><li class='ez-toc-page-1 ez-toc-heading-level-4'><a class=\"ez-toc-link ez-toc-heading-5\" href=\"https:\/\/the-kamendrovsky-archives.site\/nl\/chapter-11\/#They_were_now_three_roubles_a_piece\" >Drie roebel per stuk!<\/a><\/li><li class='ez-toc-page-1 ez-toc-heading-level-4'><a class=\"ez-toc-link ez-toc-heading-6\" href=\"https:\/\/the-kamendrovsky-archives.site\/nl\/chapter-11\/#Russian_Officers_Club\" >Russische Officiersclub<\/a><\/li><\/ul><\/nav><\/div>\n<h4 class=\"wp-block-heading\"><span class=\"ez-toc-section\" id=\"Routes_out_of_Kislovodsk\"><\/span><strong>Kaart met vluchtroutes uit Kislovodsk<\/strong><span class=\"ez-toc-section-end\"><\/span><\/h4>\n\n\n\n<figure class=\"wp-block-image size-large\"><img loading=\"lazy\" decoding=\"async\" width=\"1024\" height=\"776\" src=\"https:\/\/the-kamendrovsky-archives.site\/wp-content\/uploads\/2021\/01\/atlas_illina_1918_017-2-1-2-1024x776.jpg\" alt=\"\" class=\"wp-image-1411\" srcset=\"https:\/\/the-kamendrovsky-archives.site\/wp-content\/uploads\/2021\/01\/atlas_illina_1918_017-2-1-2-1024x776.jpg 1024w, https:\/\/the-kamendrovsky-archives.site\/wp-content\/uploads\/2021\/01\/atlas_illina_1918_017-2-1-2-300x227.jpg 300w, https:\/\/the-kamendrovsky-archives.site\/wp-content\/uploads\/2021\/01\/atlas_illina_1918_017-2-1-2-768x582.jpg 768w, https:\/\/the-kamendrovsky-archives.site\/wp-content\/uploads\/2021\/01\/atlas_illina_1918_017-2-1-2-79x60.jpg 79w, https:\/\/the-kamendrovsky-archives.site\/wp-content\/uploads\/2021\/01\/atlas_illina_1918_017-2-1-2.jpg 1503w\" sizes=\"auto, (max-width: 1024px) 100vw, 1024px\" \/><\/figure>\n\n\n\n<p><a href=\"https:\/\/the-kamendrovsky-archives.site\/wp-content\/uploads\/2020\/06\/atlas_illina_1918_017-2.pdf\" target=\"_blank\" rel=\"noreferrer noopener\"><\/a><a href=\"https:\/\/the-kamendrovsky-archives.site\/wp-content\/uploads\/2020\/06\/atlas_illina_1918_017-2.pdf\" target=\"_blank\" rel=\"noreferrer noopener\">Link naar kaart met vluchtroutes uit Kislovodsk in 1918.<\/a><\/p>\n\n\n\n<h4 class=\"wp-block-heading\"><span class=\"ez-toc-section\" id=\"Maykop\"><\/span><strong>Maykop<\/strong><span class=\"ez-toc-section-end\"><\/span><\/h4>\n\n\n\n<p><strong>Maykop<\/strong>&nbsp;(De huidige hoofdstad van de Republiek Adygea in Rusland) ligt op de rechteroever van de Belaya-rivier, een zijrivier van de Koeban.<\/p>\n\n\n\n<figure class=\"wp-block-image size-large\"><img loading=\"lazy\" decoding=\"async\" width=\"720\" height=\"458\" src=\"https:\/\/the-kamendrovsky-archives.site\/wp-content\/uploads\/2020\/07\/Maykop.jpg\" alt=\"\" class=\"wp-image-247\" srcset=\"https:\/\/the-kamendrovsky-archives.site\/wp-content\/uploads\/2020\/07\/Maykop.jpg 720w, https:\/\/the-kamendrovsky-archives.site\/wp-content\/uploads\/2020\/07\/Maykop-300x191.jpg 300w, https:\/\/the-kamendrovsky-archives.site\/wp-content\/uploads\/2020\/07\/Maykop-94x60.jpg 94w\" sizes=\"auto, (max-width: 720px) 100vw, 720px\" \/><figcaption class=\"wp-element-caption\"><em>Maykop<\/em><\/figcaption><\/figure>\n\n\n\n<h4 class=\"wp-block-heading\"><span class=\"ez-toc-section\" id=\"Babuk-Aul_%E2%80%93_The_Village_with_the_Turkish_Bath\"><\/span><strong>Babuk-Aoel \u2013 Het dorp met het Turkse bad<\/strong><span class=\"ez-toc-section-end\"><\/span><\/h4>\n\n\n\n<p>Tegenwoordig is Babuk-Aoel een verlaten dorp, maar in 1919 woonden hier de Nekrasovtski-Kozakken. Ze verbouwden graan en groenten en leefden van de jacht. Het dorp bestond uit \u00e9\u00e9n straat en had een Turks bad. Volgens historische bronnen vestigden zich hier v\u00f3\u00f3r de revolutie monniken. Blijkbaar woonden zij in 1919 in een grot, want de kleine karavaan ontmoette er een van hen. Wat er later met hen is gebeurd, is onbekend.<\/p>\n\n\n\n<p><a rel=\"noreferrer noopener\" href=\"https:\/\/ru.m.wikipedia.org\/wiki\/%D0%91%D0%B0%D0%B1%D1%83%D0%BA-%D0%90%D1%83%D0%BB?fbclid=IwAR2gL7sZa_RMDHhhsA7t7U2R3rWuRucIkyh87aNHqJMwmpxsUvXV92fvjQM\" target=\"_blank\">Meer informatie over Babuk-Aoel<\/a><\/p>\n\n\n\n<h4 class=\"wp-block-heading\"><span class=\"ez-toc-section\" id=\"Sochi\"><\/span><strong>Sotsji<\/strong><span class=\"ez-toc-section-end\"><\/span><\/h4>\n\n\n\n<p>Sotsji is de grootste badplaats van Rusland. De stad ligt aan de rivier de Sotsji, langs de Zwarte Zee in het zuiden van Rusland. Als onderdeel van de Kaukasische Rivi\u00e8ra is het een van de weinige plekken in Rusland met een subtropisch klimaat, met warme tot hete zomers en milde winters.<\/p>\n\n\n\n<figure class=\"wp-block-image size-large\"><img loading=\"lazy\" decoding=\"async\" width=\"580\" height=\"376\" src=\"https:\/\/the-kamendrovsky-archives.site\/wp-content\/uploads\/2020\/07\/CRH1.jpg\" alt=\"\" class=\"wp-image-246\" srcset=\"https:\/\/the-kamendrovsky-archives.site\/wp-content\/uploads\/2020\/07\/CRH1.jpg 580w, https:\/\/the-kamendrovsky-archives.site\/wp-content\/uploads\/2020\/07\/CRH1-300x194.jpg 300w, https:\/\/the-kamendrovsky-archives.site\/wp-content\/uploads\/2020\/07\/CRH1-93x60.jpg 93w\" sizes=\"auto, (max-width: 580px) 100vw, 580px\" \/><figcaption class=\"wp-element-caption\"><em>Caucasian Riviera Hotel, Sotsji<\/em><\/figcaption><\/figure>\n\n\n\n<h4 class=\"wp-block-heading\"><span class=\"ez-toc-section\" id=\"They_were_now_three_roubles_a_piece\"><\/span><strong>Drie roebel per stuk!<\/strong><span class=\"ez-toc-section-end\"><\/span><\/h4>\n\n\n\n<blockquote class=\"wp-block-quote is-layout-flow wp-block-quote-is-layout-flow\">\n<p>Lydia straalde ook bij het zien van haar favoriete\u2014bedekt met roze, witte en chocoladeglazuur. Ze slikte echter bij het zien van de prijs op de menukaart. Drie roebel per stuk, vroeger kostten ze drie kopeken! Waarom had ze er niet meer van genoten toen ze nog betaalbaar waren?<\/p>\n<cite>Hoofdstuk 11<\/cite><\/blockquote>\n\n\n\n<hr class=\"wp-block-separator has-css-opacity\"\/>\n\n\n\n<p>E\u00e9n roebel bestond uit 100 kopeken; tegenwoordig is \u00e9\u00e9n roebel ongeveer 0,01 euro waard.<\/p>\n\n\n\n<h4 class=\"wp-block-heading\"><span class=\"ez-toc-section\" id=\"Russian_Officers_Club\"><\/span>Russische Officiersclub<span class=\"ez-toc-section-end\"><\/span><\/h4>\n\n\n\n<figure class=\"wp-block-image size-large\"><img loading=\"lazy\" decoding=\"async\" width=\"606\" height=\"407\" src=\"https:\/\/the-kamendrovsky-archives.site\/wp-content\/uploads\/2020\/07\/officers-club-Stavropol-in-hotel-naytaki.jpg\" alt=\"\" class=\"wp-image-253\" srcset=\"https:\/\/the-kamendrovsky-archives.site\/wp-content\/uploads\/2020\/07\/officers-club-Stavropol-in-hotel-naytaki.jpg 606w, https:\/\/the-kamendrovsky-archives.site\/wp-content\/uploads\/2020\/07\/officers-club-Stavropol-in-hotel-naytaki-300x201.jpg 300w, https:\/\/the-kamendrovsky-archives.site\/wp-content\/uploads\/2020\/07\/officers-club-Stavropol-in-hotel-naytaki-89x60.jpg 89w\" sizes=\"auto, (max-width: 606px) 100vw, 606px\" \/><figcaption class=\"wp-element-caption\"><em>Binnen in een Russische officiersclub (deze bevindt zich in Stavropol)<\/em><\/figcaption><\/figure>","protected":false},"excerpt":{"rendered":"<p>Routes out of Kislovodsk Link to the map with routes out of Kislovodsk in 1918. Maykop Maykop&nbsp;(which is nowadays the&nbsp;capital city&nbsp;of the&nbsp;Republic of Adygea&nbsp;in&nbsp;Russia) is &hellip; <\/p>","protected":false},"author":1,"featured_media":0,"parent":0,"menu_order":0,"comment_status":"closed","ping_status":"closed","template":"","meta":{"footnotes":""},"class_list":["post-244","page","type-page","status-publish","hentry","latest_post"],"_links":{"self":[{"href":"https:\/\/the-kamendrovsky-archives.site\/nl\/wp-json\/wp\/v2\/pages\/244","targetHints":{"allow":["GET"]}}],"collection":[{"href":"https:\/\/the-kamendrovsky-archives.site\/nl\/wp-json\/wp\/v2\/pages"}],"about":[{"href":"https:\/\/the-kamendrovsky-archives.site\/nl\/wp-json\/wp\/v2\/types\/page"}],"author":[{"embeddable":true,"href":"https:\/\/the-kamendrovsky-archives.site\/nl\/wp-json\/wp\/v2\/users\/1"}],"replies":[{"embeddable":true,"href":"https:\/\/the-kamendrovsky-archives.site\/nl\/wp-json\/wp\/v2\/comments?post=244"}],"version-history":[{"count":17,"href":"https:\/\/the-kamendrovsky-archives.site\/nl\/wp-json\/wp\/v2\/pages\/244\/revisions"}],"predecessor-version":[{"id":2043,"href":"https:\/\/the-kamendrovsky-archives.site\/nl\/wp-json\/wp\/v2\/pages\/244\/revisions\/2043"}],"wp:attachment":[{"href":"https:\/\/the-kamendrovsky-archives.site\/nl\/wp-json\/wp\/v2\/media?parent=244"}],"curies":[{"name":"wp","href":"https:\/\/api.w.org\/{rel}","templated":true}]}}