{"id":686,"date":"2020-10-02T19:12:04","date_gmt":"2020-10-02T19:12:04","guid":{"rendered":"https:\/\/the-kamendrovsky-archives.site\/?page_id=686"},"modified":"2026-03-21T13:34:19","modified_gmt":"2026-03-21T13:34:19","slug":"25-2","status":"publish","type":"page","link":"https:\/\/the-kamendrovsky-archives.site\/nl\/25-2\/","title":{"rendered":"Hoofdstuk 25"},"content":{"rendered":"<div id=\"ez-toc-container\" class=\"ez-toc-v2_0_82_2 counter-hierarchy ez-toc-counter ez-toc-grey ez-toc-container-direction\">\n<p class=\"ez-toc-title\" style=\"cursor:inherit\">Inhoudsopgave<\/p>\n<label for=\"ez-toc-cssicon-toggle-item-69e267046ef0d\" class=\"ez-toc-cssicon-toggle-label\"><span class=\"\"><span class=\"eztoc-hide\" style=\"display:none;\">Schakel<\/span><span class=\"ez-toc-icon-toggle-span\"><svg style=\"fill: #999;color:#999\" xmlns=\"http:\/\/www.w3.org\/2000\/svg\" class=\"list-377408\" width=\"20px\" height=\"20px\" viewbox=\"0 0 24 24\" fill=\"none\"><path d=\"M6 6H4v2h2V6zm14 0H8v2h12V6zM4 11h2v2H4v-2zm16 0H8v2h12v-2zM4 16h2v2H4v-2zm16 0H8v2h12v-2z\" fill=\"currentColor\"><\/path><\/svg><svg style=\"fill: #999;color:#999\" class=\"arrow-unsorted-368013\" xmlns=\"http:\/\/www.w3.org\/2000\/svg\" width=\"10px\" height=\"10px\" viewbox=\"0 0 24 24\" version=\"1.2\" baseprofile=\"tiny\"><path d=\"M18.2 9.3l-6.2-6.3-6.2 6.3c-.2.2-.3.4-.3.7s.1.5.3.7c.2.2.4.3.7.3h11c.3 0 .5-.1.7-.3.2-.2.3-.5.3-.7s-.1-.5-.3-.7zM5.8 14.7l6.2 6.3 6.2-6.3c.2-.2.3-.5.3-.7s-.1-.5-.3-.7c-.2-.2-.4-.3-.7-.3h-11c-.3 0-.5.1-.7.3-.2.2-.3.5-.3.7s.1.5.3.7z\"\/><\/svg><\/span><\/span><\/label><input type=\"checkbox\"  id=\"ez-toc-cssicon-toggle-item-69e267046ef0d\"  aria-label=\"Schakel\" \/><nav><ul class='ez-toc-list ez-toc-list-level-1' ><li class='ez-toc-page-1 ez-toc-heading-level-4'><a class=\"ez-toc-link ez-toc-heading-1\" href=\"https:\/\/the-kamendrovsky-archives.site\/nl\/25-2\/#The_most_important_people_in_Paris\" >De belangrijkste mensen in Parijs<\/a><\/li><li class='ez-toc-page-1 ez-toc-heading-level-4'><a class=\"ez-toc-link ez-toc-heading-2\" href=\"https:\/\/the-kamendrovsky-archives.site\/nl\/25-2\/#Old_Pictures_of_Paris\" >Oude foto's van Parijs<\/a><\/li><li class='ez-toc-page-1 ez-toc-heading-level-4'><a class=\"ez-toc-link ez-toc-heading-3\" href=\"https:\/\/the-kamendrovsky-archives.site\/nl\/25-2\/#The_difficult_conditions_of_the_Russian_emigration\" >De moeilijke omstandigheden van de Russische emigratie<\/a><\/li><li class='ez-toc-page-1 ez-toc-heading-level-4'><a class=\"ez-toc-link ez-toc-heading-4\" href=\"https:\/\/the-kamendrovsky-archives.site\/nl\/25-2\/#Le_Palais_de_Justice\" >Le Palais de Justice<\/a><\/li><li class='ez-toc-page-1 ez-toc-heading-level-4'><a class=\"ez-toc-link ez-toc-heading-5\" href=\"https:\/\/the-kamendrovsky-archives.site\/nl\/25-2\/#Newspaper_photo\" >Krantenartikel<\/a><\/li><li class='ez-toc-page-1 ez-toc-heading-level-4'><a class=\"ez-toc-link ez-toc-heading-6\" href=\"https:\/\/the-kamendrovsky-archives.site\/nl\/25-2\/#La_Sante_Prison\" >La Sant\u00e9 Prison<\/a><\/li><li class='ez-toc-page-1 ez-toc-heading-level-4'><a class=\"ez-toc-link ez-toc-heading-7\" href=\"https:\/\/the-kamendrovsky-archives.site\/nl\/25-2\/#Dombrovskys_age\" >Dombrovsky's leeftijd<\/a><\/li><li class='ez-toc-page-1 ez-toc-heading-level-4'><a class=\"ez-toc-link ez-toc-heading-8\" href=\"https:\/\/the-kamendrovsky-archives.site\/nl\/25-2\/#Sources\" >Bronnen<\/a><\/li><\/ul><\/nav><\/div>\n<h4 class=\"wp-block-heading\"><span class=\"ez-toc-section\" id=\"The_most_important_people_in_Paris\"><\/span>De belangrijkste mensen in Parijs<span class=\"ez-toc-section-end\"><\/span><\/h4>\n\n\n\n<p>Klik&nbsp;<a href=\"https:\/\/the-kamendrovsky-archives.site\/nl\/in-paris\/\" target=\"_blank\" rel=\"noreferrer noopener\">hier<\/a>.<\/p>\n\n\n\n<h4 class=\"wp-block-heading\"><span class=\"ez-toc-section\" id=\"Old_Pictures_of_Paris\"><\/span>Oude foto's van Parijs<span class=\"ez-toc-section-end\"><\/span><\/h4>\n\n\n\n<p>Klik&nbsp;<a href=\"https:\/\/the-kamendrovsky-archives.site\/nl\/paris-2\/\" target=\"_blank\" rel=\"noreferrer noopener\">hier<\/a><\/p>\n\n\n\n<h4 class=\"wp-block-heading\"><span class=\"ez-toc-section\" id=\"The_difficult_conditions_of_the_Russian_emigration\"><\/span>De moeilijke omstandigheden van de Russische emigratie<span class=\"ez-toc-section-end\"><\/span><\/h4>\n\n\n\n<blockquote class=\"wp-block-quote is-layout-flow wp-block-quote-is-layout-flow\">\n<p>Anderhalf jaar later was de dag van het proces eindelijk aangebroken. Het zou slechts \u00e9\u00e9n dag duren en, zoals een Russische krant later opmerkte, \u2018het zat vol dramatische wendingen. Het toonde opnieuw de moeilijke materi\u00eble en morele omstandigheden van de Russische emigratie.\u2019<\/p>\n<cite>Russische krant: Vozrozhdenie, deel 8, nummer 2895, 6 mei 1933.<\/cite><\/blockquote>\n\n\n\n<p>Met \u201cRussische emigratie\u201d wordt hier niet het proces van emigreren bedoeld, maar de gemeenschap van Russische emigranten zelf.<\/p>\n\n\n\n<h4 class=\"wp-block-heading\"><span class=\"ez-toc-section\" id=\"Le_Palais_de_Justice\"><\/span><strong>Le Palais de Justice<\/strong><span class=\"ez-toc-section-end\"><\/span><\/h4>\n\n\n\n<figure class=\"wp-block-image\"><img loading=\"lazy\" decoding=\"async\" width=\"512\" height=\"395\" src=\"https:\/\/the-kamendrovsky-archives.site\/wp-content\/uploads\/2020\/07\/M432724_Paris-Le-Palais-De-Justice.jpg\" alt=\"\" class=\"wp-image-431\" srcset=\"https:\/\/the-kamendrovsky-archives.site\/wp-content\/uploads\/2020\/07\/M432724_Paris-Le-Palais-De-Justice.jpg 512w, https:\/\/the-kamendrovsky-archives.site\/wp-content\/uploads\/2020\/07\/M432724_Paris-Le-Palais-De-Justice-300x231.jpg 300w, https:\/\/the-kamendrovsky-archives.site\/wp-content\/uploads\/2020\/07\/M432724_Paris-Le-Palais-De-Justice-78x60.jpg 78w\" sizes=\"auto, (max-width: 512px) 100vw, 512px\" \/><\/figure>\n\n\n\n<figure class=\"wp-block-image\"><img loading=\"lazy\" decoding=\"async\" width=\"500\" height=\"336\" src=\"https:\/\/the-kamendrovsky-archives.site\/wp-content\/uploads\/2020\/07\/palais-justice.jpg\" alt=\"\" class=\"wp-image-432\" srcset=\"https:\/\/the-kamendrovsky-archives.site\/wp-content\/uploads\/2020\/07\/palais-justice.jpg 500w, https:\/\/the-kamendrovsky-archives.site\/wp-content\/uploads\/2020\/07\/palais-justice-300x202.jpg 300w, https:\/\/the-kamendrovsky-archives.site\/wp-content\/uploads\/2020\/07\/palais-justice-89x60.jpg 89w\" sizes=\"auto, (max-width: 500px) 100vw, 500px\" \/><\/figure>\n\n\n\n<h4 class=\"wp-block-heading\"><span class=\"ez-toc-section\" id=\"Newspaper_photo\"><\/span>Krantenartikel<span class=\"ez-toc-section-end\"><\/span><\/h4>\n\n\n\n<figure class=\"wp-block-image size-large\"><img loading=\"lazy\" decoding=\"async\" width=\"733\" height=\"1024\" src=\"https:\/\/the-kamendrovsky-archives.site\/wp-content\/uploads\/2020\/10\/Paris-soir__bpt6k7640889g_1-733x1024.jpg\" alt=\"\" class=\"wp-image-687\" srcset=\"https:\/\/the-kamendrovsky-archives.site\/wp-content\/uploads\/2020\/10\/Paris-soir__bpt6k7640889g_1-733x1024.jpg 733w, https:\/\/the-kamendrovsky-archives.site\/wp-content\/uploads\/2020\/10\/Paris-soir__bpt6k7640889g_1-215x300.jpg 215w, https:\/\/the-kamendrovsky-archives.site\/wp-content\/uploads\/2020\/10\/Paris-soir__bpt6k7640889g_1-768x1073.jpg 768w, https:\/\/the-kamendrovsky-archives.site\/wp-content\/uploads\/2020\/10\/Paris-soir__bpt6k7640889g_1-1099x1536.jpg 1099w, https:\/\/the-kamendrovsky-archives.site\/wp-content\/uploads\/2020\/10\/Paris-soir__bpt6k7640889g_1-1466x2048.jpg 1466w, https:\/\/the-kamendrovsky-archives.site\/wp-content\/uploads\/2020\/10\/Paris-soir__bpt6k7640889g_1-43x60.jpg 43w, https:\/\/the-kamendrovsky-archives.site\/wp-content\/uploads\/2020\/10\/Paris-soir__bpt6k7640889g_1.jpg 1815w\" sizes=\"auto, (max-width: 733px) 100vw, 733px\" \/><figcaption class=\"wp-element-caption\"><em>Paris Soir, 6 mei 1933. Links staat de Russische tolk (die Feodor niet gebruikte, aangezien hij Frans sprak, maar Moeder wel gebruikte); rechts staat Maurice Gar\u00e7on.<\/em><\/figcaption><\/figure>\n\n\n\n<h4 class=\"wp-block-heading\"><span class=\"ez-toc-section\" id=\"La_Sante_Prison\"><\/span><strong>La Sant\u00e9 Prison<\/strong><span class=\"ez-toc-section-end\"><\/span><\/h4>\n\n\n\n<figure class=\"wp-block-image\"><img loading=\"lazy\" decoding=\"async\" width=\"1024\" height=\"582\" src=\"https:\/\/the-kamendrovsky-archives.site\/wp-content\/uploads\/2020\/07\/prison-1024x582.jpg\" alt=\"\" class=\"wp-image-435\" srcset=\"https:\/\/the-kamendrovsky-archives.site\/wp-content\/uploads\/2020\/07\/prison-1024x582.jpg 1024w, https:\/\/the-kamendrovsky-archives.site\/wp-content\/uploads\/2020\/07\/prison-300x170.jpg 300w, https:\/\/the-kamendrovsky-archives.site\/wp-content\/uploads\/2020\/07\/prison-768x436.jpg 768w, https:\/\/the-kamendrovsky-archives.site\/wp-content\/uploads\/2020\/07\/prison-106x60.jpg 106w, https:\/\/the-kamendrovsky-archives.site\/wp-content\/uploads\/2020\/07\/prison.jpg 1280w\" sizes=\"auto, (max-width: 1024px) 100vw, 1024px\" \/><\/figure>\n\n\n\n<p>Feodor Kamendrovsky verbleef in de beruchte La Sant\u00e9-gevangenis, die nog altijd bekendstaat als een van de gewelddadigste gevangenissen ter wereld.<\/p>\n\n\n\n<p>Klik&nbsp;<a href=\"https:\/\/en.wikipedia.org\/wiki\/La_Sant%C3%A9_Prison\" target=\"_blank\" rel=\"noreferrer noopener\">hier voor meer informatie.<\/a>&nbsp;Hier<a href=\"https:\/\/www.thelocal.fr\/galleries\/news\/la-sante-inside-pariss-last-prison\/1\" target=\"_blank\" rel=\"noreferrer noopener\"> voor foto's.<\/a> En <a href=\"https:\/\/vocal.media\/criminal\/most-violent-prisons-in-the-world\" target=\"_blank\" rel=\"noreferrer noopener\">hier om meer te lezen over het geweld in de gevangenis.<\/a><\/p>\n\n\n\n<blockquote class=\"wp-block-quote is-layout-flow wp-block-quote-is-layout-flow\">\n<p><em>De guillotine stond vlakbij, in de Rue de La Sant\u00e9, waar de publieke onthoofdingen plaatsvonden. Sommige dagen hoorde hij het gejuich bij een terechtstelling vanuit zijn cel.<\/em><\/p>\n<cite>Hoofdstuk 25<\/cite><\/blockquote>\n\n\n\n<p>De laatste openbare onthoofding vond plaats in 1939 (de laatste openbare executie in Nederland was in 1860) en betrof Max Bloch, een inbreker en tweevoudig moordenaar. De executie vond plaats bij zonsopgang en trok, zoals gebruikelijk, een menigte van enkele honderden toeschouwers die er een soort feest van maakten \u2013 \u201com te zien hoe het hoofd van een moordenaar openspringt als een champagnekurk\u201d, zoals iemand het uitdrukte.<\/p>\n\n\n\n<h4 class=\"wp-block-heading\"><span class=\"ez-toc-section\" id=\"Dombrovskys_age\"><\/span>Dombrovsky's leeftijd<span class=\"ez-toc-section-end\"><\/span><\/h4>\n\n\n\n<blockquote class=\"wp-block-quote is-layout-flow wp-block-quote-is-layout-flow\">\n<p>Feodors wangen kleurden diep, en zijn stem wankelde. \u2018Ik had geen idee!\u2019 riep hij uit. \u2018Hoe kon ik dit vermoeden? Mijn vrouw was pas zesentwintig jaar oud, Dombrovsky was vijftig jaar!\u2019<\/p>\n<cite>Hoofdstuk 25<\/cite><\/blockquote>\n\n\n\n<p>Blijkbaar dacht iedereen in de media dat Dombrovsky vijftig jaar oud was. In werkelijkheid was hij 57 of 58 jaar oud toen hij stierf. Zie <a href=\"http:\/\/www.geni.com\/people\/Boris-Dombrovsky\/6000000060256168199\" target=\"_blank\" rel=\"noopener\">hier<\/a>.<\/p>\n\n\n\n<h4 class=\"wp-block-heading\"><span class=\"ez-toc-section\" id=\"Sources\"><\/span>Bronnen<span class=\"ez-toc-section-end\"><\/span><\/h4>\n\n\n\n<p>Zowel de moord als het proces stonden destijds in alle Franse kranten. Voor wie verder wil lezen:<\/p>\n\n\n\n<p><a href=\"https:\/\/breviarissimus.livejournal.com\/258387.html\" target=\"_blank\" rel=\"noreferrer noopener\">Een hedendaags Russisch online artikel<\/a><\/p>\n\n\n\n<p><strong>Het Proces - in 1933<\/strong>&nbsp;<strong>(in het Frans)<\/strong><\/p>\n\n\n\n<ul class=\"wp-block-list\">\n<li><a href=\"https:\/\/the-kamendrovsky-archives.site\/wp-content\/uploads\/2020\/10\/1933-Paris-soir__bpt6k7640889g_1-1-scaled.jpg\" target=\"_blank\" rel=\"noreferrer noopener\">Paris-soir (1923) \u2013 1933\/05\/06 (Ann\u00e9e 11, N\u00b03500,ED4)<\/a> en vervolgt <a href=\"https:\/\/the-kamendrovsky-archives.site\/wp-content\/uploads\/2020\/10\/1933-2-Paris-soir__bpt6k7640889g_5.jpg\" target=\"_blank\" rel=\"noreferrer noopener\">hier<\/a><\/li>\n\n\n\n<li><a href=\"https:\/\/the-kamendrovsky-archives.site\/wp-content\/uploads\/2020\/10\/1933-Le_Petit_Parisien___journal_..._bpt6k6276116_5.jpg\" target=\"_blank\" rel=\"noreferrer noopener\">Le Petit Parisien (Paris) \u2013 1933\/01\/17 (Num\u00e9ro 20412). Note : Derni\u00e8re \u00e9d (France \u2013 1931)<\/a><\/li>\n\n\n\n<li><a href=\"https:\/\/the-kamendrovsky-archives.site\/wp-content\/uploads\/2020\/10\/1933-1Le_Journal__bpt6k7630139w_1-scaled.jpg\" target=\"_blank\" rel=\"noreferrer noopener\">Le Journal (Paris, 1892) \u2013 1933\/0<\/a>5<a href=\"https:\/\/the-kamendrovsky-archives.site\/wp-content\/uploads\/2020\/10\/1933-1Le_Journal__bpt6k7630139w_1-scaled.jpg\" target=\"_blank\" rel=\"noreferrer noopener\">\/06 (N14702) (Paris, Paris, France \u2013 1933)<\/a>, vervolgt <a href=\"https:\/\/the-kamendrovsky-archives.site\/wp-content\/uploads\/2020\/10\/1933-Le_Journal__bpt6k7630139w_4-1-scaled.jpg\" target=\"_blank\" rel=\"noreferrer noopener\">hier<\/a><\/li>\n\n\n\n<li><a href=\"https:\/\/the-kamendrovsky-archives.site\/wp-content\/uploads\/2020\/10\/1933-Le_Populaire___journal-revue_hebdomadaire_...Parti_socialiste_bpt6k821183k_1-scaled.jpg\" target=\"_blank\" rel=\"noreferrer noopener\">Le Populaire (Paris) \u2013 1933\/05\/06 (Num\u00e9ro 3741), (Paris, France \u2013 1933)<\/a>, vervolgt <a href=\"https:\/\/the-kamendrovsky-archives.site\/wp-content\/uploads\/2020\/10\/1933-2Le_Populaire___journal-revue_hebdomadaire_...Parti_socialiste_bpt6k821183k_3-scaled.jpg\" target=\"_blank\" rel=\"noreferrer noopener\">hier.<\/a><\/li>\n\n\n\n<li><a href=\"https:\/\/the-kamendrovsky-archives.site\/wp-content\/uploads\/2020\/10\/1933-NWpopulairecentre.png\" target=\"_blank\" rel=\"noreferrer noopener\">Le Populaire du Centre 1933\/05\/07 (Haute-Vienne, France \u2013 1933)<\/a><\/li>\n\n\n\n<li><a href=\"https:\/\/the-kamendrovsky-archives.site\/wp-content\/uploads\/2020\/10\/1933-LHumanite___journal_socialiste_quotidien_Parti_communiste_bpt6k404629v_3-scaled.jpg\" target=\"_blank\" rel=\"noreferrer noopener\">L&#8217;Humanit\u00e9 (Paris) &#8211; 1933\/05\/06 (Num\u00e9ro 12562)<\/a><\/li>\n\n\n\n<li><a href=\"https:\/\/the-kamendrovsky-archives.site\/wp-content\/uploads\/2020\/10\/1933-Le_Petit_journal_Parti_social_bpt6k633238f_1-scaled.jpg\" data-type=\"URL\" data-id=\"https:\/\/the-kamendrovsky-archives.site\/wp-content\/uploads\/2020\/10\/1933-Le_Petit_journal_Parti_social_bpt6k633238f_1-scaled.jpg\" target=\"_blank\" rel=\"noreferrer noopener\">Le Petit journal 1933\/05\/06<\/a>, vervolgt <a href=\"https:\/\/the-kamendrovsky-archives.site\/wp-content\/uploads\/2020\/10\/1933-2-Le_Petit_journal_Parti_social_bpt6k633238f_2-scaled.jpg\" target=\"_blank\" rel=\"noreferrer noopener\">hier<\/a><\/li>\n\n\n\n<li><a href=\"https:\/\/the-kamendrovsky-archives.site\/wp-content\/uploads\/2020\/10\/1933-LAction_francaise___organe_du_...Action_francaise_bpt6k7652318_2.jpg\" target=\"_blank\" rel=\"noreferrer noopener\">L&#8217;Action fran\u00e7aise 1933\/05\/06<\/a><\/li>\n\n\n\n<li><a href=\"https:\/\/the-kamendrovsky-archives.site\/wp-content\/uploads\/2020\/10\/L_uvre__bpt6k46196182_1-scaled.jpg\" target=\"_blank\" rel=\"noreferrer noopener\">L&#8217;OEuvre 1933\/05\/06<\/a>, vervolgt <a href=\"https:\/\/the-kamendrovsky-archives.site\/wp-content\/uploads\/2020\/10\/L_uvre__bpt6k46196182_2-22-scaled.jpg\" target=\"_blank\" rel=\"noreferrer noopener\">hier.<\/a><\/li>\n<\/ul>\n\n\n\n<p>&nbsp;<\/p>","protected":false},"excerpt":{"rendered":"<p>The most important people in Paris Click&nbsp;here. Old Pictures of Paris Click&nbsp;here The difficult conditions of the Russian emigration A year and a half later, &hellip; <\/p>","protected":false},"author":2,"featured_media":0,"parent":0,"menu_order":0,"comment_status":"closed","ping_status":"closed","template":"","meta":{"footnotes":""},"class_list":["post-686","page","type-page","status-publish","hentry","latest_post"],"_links":{"self":[{"href":"https:\/\/the-kamendrovsky-archives.site\/nl\/wp-json\/wp\/v2\/pages\/686","targetHints":{"allow":["GET"]}}],"collection":[{"href":"https:\/\/the-kamendrovsky-archives.site\/nl\/wp-json\/wp\/v2\/pages"}],"about":[{"href":"https:\/\/the-kamendrovsky-archives.site\/nl\/wp-json\/wp\/v2\/types\/page"}],"author":[{"embeddable":true,"href":"https:\/\/the-kamendrovsky-archives.site\/nl\/wp-json\/wp\/v2\/users\/2"}],"replies":[{"embeddable":true,"href":"https:\/\/the-kamendrovsky-archives.site\/nl\/wp-json\/wp\/v2\/comments?post=686"}],"version-history":[{"count":41,"href":"https:\/\/the-kamendrovsky-archives.site\/nl\/wp-json\/wp\/v2\/pages\/686\/revisions"}],"predecessor-version":[{"id":2062,"href":"https:\/\/the-kamendrovsky-archives.site\/nl\/wp-json\/wp\/v2\/pages\/686\/revisions\/2062"}],"wp:attachment":[{"href":"https:\/\/the-kamendrovsky-archives.site\/nl\/wp-json\/wp\/v2\/media?parent=686"}],"curies":[{"name":"wp","href":"https:\/\/api.w.org\/{rel}","templated":true}]}}